{"id":990308,"date":"2026-03-11T20:13:52","date_gmt":"2026-03-11T20:13:52","guid":{"rendered":"https:\/\/abcfoundation.info\/?page_id=990308"},"modified":"2026-04-02T08:25:08","modified_gmt":"2026-04-02T08:25:08","slug":"procesi-i-aplikimit","status":"publish","type":"page","link":"https:\/\/abcfoundation.info\/en\/grante\/procesi-i-aplikimit\/","title":{"rendered":"Application Process"},"content":{"rendered":"<div data-elementor-type=\"wp-page\" data-elementor-id=\"990308\" class=\"elementor elementor-990308\" data-elementor-post-type=\"page\">\n\t\t\t\t<div class=\"elementor-element elementor-element-629e7c8 e-flex e-con-boxed e-con e-parent\" data-id=\"629e7c8\" data-element_type=\"container\" data-e-type=\"container\">\n\t\t\t\t\t<div class=\"e-con-inner\">\n\t\t\t\t<div class=\"vamtam-has-theme-widget-styles elementor-element elementor-element-ed6eb9c elementor-widget elementor-widget-text-editor\" data-id=\"ed6eb9c\" data-element_type=\"widget\" data-e-type=\"widget\" data-widget_type=\"text-editor.default\">\n\t\t\t\t<div class=\"elementor-widget-container\">\n\t\t\t\t\t\t\t\t\t<p><span style=\"font-size: 16px;\"><br \/>The Grant Application must include all necessary information about the project and the applicant, so that the Selection Committee can undertake a thorough review to assist in making a decision on whether or not to support the applicant&#039;s proposal.<br \/><\/span><\/p><p>The applicant&#039;s proposal, according to the application form, must include:<\/p><div><ul><li>Description of the proposed project<\/li><li>The current situation regarding the proposed issue and the applicant&#039;s motivation<\/li><li>Description of the specific goal and objectives, the way to achieve them<\/li><li>Description of the plan of specific activities, the calendar of their implementation<\/li><li>Description of expected results and how they will be measured<\/li><li>Project implementation area<\/li><li>Beneficiaries, partners and coordination<\/li><li>Project monitoring and evaluation<\/li><li>The requested budget, other potential donors to the project<\/li><li>Previous projects or initiatives implemented<\/li><li>CV\/Profile of the organization\/entity, experience with other donors<\/li><li>The governance of the organization\/entity, management structures<\/li><\/ul><\/div><p style=\"font-size: 16px;\">To draft the proposal, the applicant will use the Model Application Form, which can be obtained from the ABC information office or via the Foundation&#039;s website.\u00a0<a href=\"https:\/\/abcfoundation.info\/wp-content\/uploads\/2026\/03\/Formular_Aplikimi_Granteve_ABC_-2.doc\" target=\"_blank\" rel=\"noopener\">(click for application form)<\/a>.<\/p>\t\t\t\t\t\t\t\t<\/div>\n\t\t\t\t<\/div>\n\t\t\t\t\t<\/div>\n\t\t\t\t<\/div>\n\t\t\t\t<\/div>","protected":false},"excerpt":{"rendered":"<p>Aplikimi p\u00ebr Grant, duhet t\u00eb p\u00ebrfshij\u00eb t\u00eb gjith\u00eb informacionin e nevojsh\u00ebm mbi projektin dhe aplikuesin, q\u00eb Komisioni Seleksionues t\u00eb nd\u00ebrmarr\u00eb nj\u00eb shqyrtim t\u00eb plot\u00eb n\u00eb ndihm\u00eb t\u00eb vendimmarrjes p\u00ebr mb\u00ebshtetjen ose jo t\u00eb propozimit t\u00eb aplikantit. Propozimi i aplikantit, sipas formularit t\u00eb aplikimit, duhet t\u00eb p\u00ebrfshij\u00eb: P\u00ebrshkrim t\u00eb projektit t\u00eb propozuar Situat\u00ebn aktuale ndaj \u00e7\u00ebshtjes&#8230;<\/p>","protected":false},"author":1,"featured_media":990323,"parent":52,"menu_order":0,"comment_status":"closed","ping_status":"closed","template":"","meta":{"footnotes":""},"class_list":["post-990308","page","type-page","status-publish","has-post-thumbnail","hentry"],"_hostinger_reach_plugin_has_subscription_block":false,"_hostinger_reach_plugin_is_elementor":false,"_links":{"self":[{"href":"https:\/\/abcfoundation.info\/en\/wp-json\/wp\/v2\/pages\/990308","targetHints":{"allow":["GET"]}}],"collection":[{"href":"https:\/\/abcfoundation.info\/en\/wp-json\/wp\/v2\/pages"}],"about":[{"href":"https:\/\/abcfoundation.info\/en\/wp-json\/wp\/v2\/types\/page"}],"author":[{"embeddable":true,"href":"https:\/\/abcfoundation.info\/en\/wp-json\/wp\/v2\/users\/1"}],"replies":[{"embeddable":true,"href":"https:\/\/abcfoundation.info\/en\/wp-json\/wp\/v2\/comments?post=990308"}],"version-history":[{"count":66,"href":"https:\/\/abcfoundation.info\/en\/wp-json\/wp\/v2\/pages\/990308\/revisions"}],"predecessor-version":[{"id":991029,"href":"https:\/\/abcfoundation.info\/en\/wp-json\/wp\/v2\/pages\/990308\/revisions\/991029"}],"up":[{"embeddable":true,"href":"https:\/\/abcfoundation.info\/en\/wp-json\/wp\/v2\/pages\/52"}],"wp:featuredmedia":[{"embeddable":true,"href":"https:\/\/abcfoundation.info\/en\/wp-json\/wp\/v2\/media\/990323"}],"wp:attachment":[{"href":"https:\/\/abcfoundation.info\/en\/wp-json\/wp\/v2\/media?parent=990308"}],"curies":[{"name":"wp","href":"https:\/\/api.w.org\/{rel}","templated":true}]}}