{"id":52,"date":"2025-02-13T14:25:15","date_gmt":"2025-02-13T14:25:15","guid":{"rendered":"https:\/\/finovate.vamtam.com\/?page_id=52"},"modified":"2026-03-02T19:09:31","modified_gmt":"2026-03-02T19:09:31","slug":"grante","status":"publish","type":"page","link":"https:\/\/abcfoundation.info\/en\/grante\/","title":{"rendered":"Grants"},"content":{"rendered":"\t\t<div data-elementor-type=\"wp-page\" data-elementor-id=\"52\" class=\"elementor elementor-52\" data-elementor-post-type=\"page\">\n\t\t\t\t<div class=\"elementor-element elementor-element-629e7c8 e-flex e-con-boxed e-con e-parent\" data-id=\"629e7c8\" data-element_type=\"container\" data-e-type=\"container\">\n\t\t\t\t\t<div class=\"e-con-inner\">\n\t\t<div class=\"elementor-element elementor-element-ede2647 e-con-full e-flex e-con e-child\" data-id=\"ede2647\" data-element_type=\"container\" data-e-type=\"container\" data-settings=\"{&quot;background_background&quot;:&quot;classic&quot;}\">\n\t\t<div class=\"elementor-element elementor-element-f4def14 e-con-full e-flex e-con e-child\" data-id=\"f4def14\" data-element_type=\"container\" data-e-type=\"container\">\n\t\t\t\t<div class=\"elementor-element elementor-element-95c2711 elementor-invisible elementor-widget__width-auto animated-fast elementor-widget elementor-widget-heading\" data-id=\"95c2711\" data-element_type=\"widget\" data-e-type=\"widget\" data-settings=\"{&quot;_animation&quot;:&quot;fadeIn&quot;,&quot;_animation_delay&quot;:50}\" data-widget_type=\"heading.default\">\n\t\t\t\t<div class=\"elementor-widget-container\">\n\t\t\t\t\t<div class=\"elementor-heading-title elementor-size-default\">Procedurat e Grantdh\u00ebnies<\/div>\t\t\t\t<\/div>\n\t\t\t\t<\/div>\n\t\t<div class=\"elementor-element elementor-element-bf292db e-con-full e-flex e-con e-child\" data-id=\"bf292db\" data-element_type=\"container\" data-e-type=\"container\">\n\t\t<div class=\"elementor-element elementor-element-17c1267 e-con-full e-flex e-con e-child\" data-id=\"17c1267\" data-element_type=\"container\" data-e-type=\"container\">\n\t\t\t\t<div class=\"elementor-element elementor-element-8e04244 elementor-invisible animated-fast elementor-widget elementor-widget-heading\" data-id=\"8e04244\" data-element_type=\"widget\" data-e-type=\"widget\" data-settings=\"{&quot;_animation&quot;:&quot;fadeIn&quot;,&quot;_animation_delay&quot;:0}\" data-widget_type=\"heading.default\">\n\t\t\t\t<div class=\"elementor-widget-container\">\n\t\t\t\t\t<h2 class=\"elementor-heading-title elementor-size-default\">Procesi i Aplikimit dhe Menaxhimit t\u00eb Granteve<\/h2>\t\t\t\t<\/div>\n\t\t\t\t<\/div>\n\t\t\t\t<div class=\"vamtam-has-theme-widget-styles elementor-element elementor-element-4ccca3a elementor-invisible animated-fast elementor-widget elementor-widget-button\" data-id=\"4ccca3a\" data-element_type=\"widget\" data-e-type=\"widget\" data-settings=\"{&quot;_animation&quot;:&quot;slideInUp&quot;,&quot;_animation_delay&quot;:100}\" data-widget_type=\"button.default\">\n\t\t\t\t<div class=\"elementor-widget-container\">\n\t\t\t\t\t\t\t\t\t<div class=\"elementor-button-wrapper\">\n\t\t\t\t\t<a class=\"elementor-button elementor-button-link elementor-size-sm\" href=\"#elementor-action%3Aaction%3Dpopup%3Aopen%26settings%3DeyJpZCI6IjQyODYiLCJ0b2dnbGUiOmZhbHNlLCJhbGlnbl93aXRoX3BhcmVudCI6IiJ9\">\n\t\t\t\t\t\t<span class=\"elementor-button-content-wrapper\">\n\t\t\t\t\t\t\t\t\t<span class=\"elementor-button-text\">Apliko Tani<\/span>\n\t\t\t\t\t<\/span>\n\t\t\t\t\t<\/a>\n\t\t\t\t<\/div>\n\t\t\t\t\t\t\t\t<\/div>\n\t\t\t\t<\/div>\n\t\t\t\t<\/div>\n\t\t<div class=\"elementor-element elementor-element-f205406 e-con-full e-flex e-con e-child\" data-id=\"f205406\" data-element_type=\"container\" data-e-type=\"container\">\n\t\t\t\t<div class=\"vamtam-has-theme-widget-styles elementor-element elementor-element-5d1efbc elementor-widget-tablet__width-inherit elementor-widget elementor-widget-text-editor\" data-id=\"5d1efbc\" data-element_type=\"widget\" data-e-type=\"widget\" data-widget_type=\"text-editor.default\">\n\t\t\t\t<div class=\"elementor-widget-container\">\n\t\t\t\t\t\t\t\t\t<div class=\"flex flex-col text-sm\"><article class=\"text-token-text-primary w-full focus:outline-none [--shadow-height:45px] has-data-writing-block:pointer-events-none has-data-writing-block:-mt-(--shadow-height) has-data-writing-block:pt-(--shadow-height) [&amp;:has([data-writing-block])&gt;*]:pointer-events-auto scroll-mt-[calc(var(--header-height)+min(200px,max(70px,20svh)))]\" dir=\"auto\" tabindex=\"-1\" data-turn-id=\"request-WEB:894080ae-3083-4a1b-9ad8-7040d98354c2-1\" data-testid=\"conversation-turn-4\" data-scroll-anchor=\"true\" data-turn=\"assistant\"><div class=\"text-base my-auto mx-auto pb-10 [--thread-content-margin:--spacing(4)] @w-sm\/main:[--thread-content-margin:--spacing(6)] @w-lg\/main:[--thread-content-margin:--spacing(16)] px-(--thread-content-margin)\"><div class=\"[--thread-content-max-width:40rem] @w-lg\/main:[--thread-content-max-width:48rem] mx-auto max-w-(--thread-content-max-width) flex-1 group\/turn-messages focus-visible:outline-hidden relative flex w-full min-w-0 flex-col agent-turn\" tabindex=\"-1\"><div class=\"flex max-w-full flex-col grow\"><div class=\"min-h-8 text-message relative flex w-full flex-col items-end gap-2 text-start break-words whitespace-normal [.text-message+&amp;]:mt-1\" dir=\"auto\" data-message-author-role=\"assistant\" data-message-id=\"a4a903b5-0485-4be9-99f8-8ed06badd141\" data-message-model-slug=\"gpt-5-2\"><div class=\"flex w-full flex-col gap-1 empty:hidden first:pt-[1px]\"><div class=\"markdown prose dark:prose-invert w-full wrap-break-word light markdown-new-styling\"><p data-start=\"0\" data-end=\"622\" data-is-last-node=\"\" data-is-only-node=\"\">Procesi i grantdh\u00ebnies n\u00eb Fondacionin ABC zhvillohet p\u00ebrmes nj\u00eb thirrjeje t\u00eb hapur p\u00ebr aplikime, ndjekur nga vler\u00ebsimi i projekteve nga nj\u00eb Komision i pavarur Seleksionimi. Projektet p\u00ebrzgjidhen mbi baz\u00ebn e p\u00ebrputhjes me objektivat e programit, kapacitetit zbatues t\u00eb aplikantit dhe nj\u00eb buxheti realist.<\/p><p data-start=\"0\" data-end=\"622\" data-is-last-node=\"\" data-is-only-node=\"\">Pas miratimit, n\u00ebnshkruhet kontrata e grantit dhe realizimi i projektit monitorohet gjat\u00eb gjith\u00eb periudh\u00ebs s\u00eb zbatimit. Grantmarr\u00ebsi \u00ebsht\u00eb i detyruar t\u00eb dor\u00ebzoj\u00eb raporte narrative dhe financiare sipas kushteve t\u00eb kontrat\u00ebs. Granti mbyllet pasi t\u00eb jen\u00eb p\u00ebrmbushur objektivat dhe t\u00eb jen\u00eb dor\u00ebzuar raportet p\u00ebrfundimtare.<\/p><\/div><\/div><\/div><\/div><\/div><\/div><\/article><\/div>\t\t\t\t\t\t\t\t<\/div>\n\t\t\t\t<\/div>\n\t\t\t\t<\/div>\n\t\t\t\t<\/div>\n\t\t\t\t<\/div>\n\t\t\t\t<\/div>\n\t\t\t\t<div class=\"vamtam-has-theme-widget-styles elementor-element elementor-element-ed6eb9c elementor-widget elementor-widget-text-editor\" data-id=\"ed6eb9c\" data-element_type=\"widget\" data-e-type=\"widget\" data-widget_type=\"text-editor.default\">\n\t\t\t\t<div class=\"elementor-widget-container\">\n\t\t\t\t\t\t\t\t\t<div><strong>Procedurat e Grantdh\u00ebnies<\/strong>\u00a0<strong>p\u00ebrfshijn\u00eb<\/strong>:<br \/>a) Lajm\u00ebrimin mbi programin p\u00ebr publikun, institucionet, shoqatat, grupet, individ\u00ebt q\u00eb mund t\u00eb jen\u00eb t\u00eb interesuar p\u00ebr aplikim;<br \/>b) Mbledhjen dhe ndjekjen e propozimeve t\u00eb paraqitura;<br \/>c) Vler\u00ebsimin e tyre nga Komisioni p\u00ebrkat\u00ebs dhe i pavarur i Seleksionimit;<br \/>d) Lajm\u00ebrimin e aplikant\u00ebve mbi vendimin e k\u00ebtij Komisioni;<br \/>e) Aprovimin e tij dhe n\u00ebnshkrimin e kontrat\u00ebs s\u00eb Grantit midis Fondacionit ABC dhe aplikantit fitues;<br \/>f) Monitorimin e Grantit.<\/div><div><strong><br \/>Kriteret e p\u00ebrfitimit t\u00eb Grantit<\/strong><\/div><div>Grantet jepen n\u00ebp\u00ebrmjet nj\u00eb procesi konkurrimi, duke filluar me nj\u00eb thirrje t\u00eb hapur p\u00ebr paraqitje t\u00eb propozimeve apo projekteve. Kriteret e konkurrimit dhe t\u00eb vler\u00ebsimit do t\u00eb jen\u00eb t\u00eb qarta. Nje subjekt mund t\u00eb p\u00ebrfitoj\u00eb nga programi nj\u00eb her\u00eb n\u00eb vit, n\u00ebse projekti realizohet brenda periudh\u00ebs nj\u00ebvje\u00e7are<em>.<\/em>\u00a0Kriteret baz\u00eb t\u00eb vler\u00ebsimit t\u00eb propozimit t\u00eb paraqitur jan\u00eb:<\/div><div><ul><li>P\u00ebrputhja e aktiviteteve t\u00eb aplikimit me objektivat e shpallura t\u00eb programit t\u00eb Fondacionit ABC;<\/li><li>Kapaciteti zbatues i organizat\u00ebs\/shoqat\u00ebs\/subjektit, eksperiencat e m\u00ebparshme me donator\u00eb;<\/li><li>Hartimi i nj\u00eb buxheti real dhe korrekt n\u00eb lidhje me aktivitetet e propozuara n\u00eb aplikim;<\/li><li>Vendosja e limitit prej jo m\u00eb shum\u00eb se 15% &#8211; 20% e buxhetit t\u00eb miratuar p\u00ebr \u00e7do grant, si kosto administrative t\u00eb aplikantit;<\/li><li>Gatishm\u00ebria p\u00ebr t\u00eb bashk\u00ebfinancuar dhe niveli i k\u00ebtij bashk\u00ebfinancimi nga aplikanti n\u00eb projektin e propozuar;<\/li><li>T\u00eb tjera kritere mund t\u00eb p\u00ebrshtaten gjat\u00eb procesit n\u00eb var\u00ebsi t\u00eb rasteve t\u00eb paraqitura.<\/li><\/ul><\/div><p><strong>P\u00ebrzgjedhja dhe\u00a0<\/strong><strong>Zhvillimi i Procesit<\/strong><strong>\u00a0<\/strong><strong>\u00a0<br \/><\/strong>P\u00ebrzgjedhja paraprake e aplikimeve b\u00ebhet nga Komisioni Seleksionues. Komisionet Seleksionuese do t\u00eb p\u00ebrb\u00ebhen nga ekspert\u00eb t\u00eb fushave t\u00eb ndryshme sipas rasteve t\u00eb paraqitura p\u00ebr shqyrtim.<\/p><p><strong>PAGESAT E GRANTEVE<br \/><\/strong>Kriteret baz\u00eb q\u00eb p\u00ebrcaktojn\u00eb se si Grantet paguhen jan\u00eb:<\/p><ul><li>Shuma e grantit t\u00eb miratuar;\u00a0<\/li><li>Koha e realizimit t\u00eb grantit;<\/li><li>Mund\u00ebsit\u00eb financiare t\u00eb grantmarr\u00ebsit;<\/li><li>Marrja e raporteve t\u00eb nd\u00ebrmjetme n\u00eb afatet e planifikuara;<\/li><li>Parashikimi p\u00ebr blerjen e mallrave apo sh\u00ebrbimeve nga t\u00eb tret\u00eb.<\/li><\/ul><div><p><strong>MODIFIKIMET e Grantit t\u00eb p\u00ebrfituar<br \/><\/strong>Modifikimet p\u00ebrfshijn\u00eb ndryshime n\u00eb termat dhe kushtet e nj\u00eb granti t\u00eb p\u00ebrcaktuara n\u00eb kontrat\u00ebn e tij.<\/p><p><strong>RAPORTET e Grantmarr\u00ebsve<br \/><\/strong>Grantmarr\u00ebsi duhet t\u00eb raportoje p\u00ebr grantin e marr\u00eb sipas kushteve t\u00eb kontrat\u00ebs. T\u00eb gjith\u00eb raportet e shkruara, qofshin ato t\u00eb nd\u00ebrmjetme, apo p\u00ebrfundimtare, duhet t\u00eb jen\u00eb t\u00eb shkruara n\u00eb letr\u00ebn zyrtare (me kok\u00eb\/logo) t\u00eb grantmarr\u00ebsit dhe t\u2019i adresohen grantdh\u00ebn\u00ebsit.<\/p><p><strong>Raporti narrativ<\/strong>\u00a0<em><a href=\"https:\/\/abcfoundation.info\/wp-content\/uploads\/2026\/03\/RAPORT-NARRATIV.docx\">(kliko per modelin e\u00a0raportit narrativ)<br \/><\/a><\/em>Raporti narrativ i p\u00ebrgatitur nga grantmarr\u00ebsi duhet:<\/p><\/div><div><ul><li>T\u00eb konfirmoj\u00eb marrjen e fondeve, koh\u00ebn dhe sasin\u00eb e grantit.<\/li><li>T\u00eb konfirmoj\u00eb q\u00eb grantmarr\u00ebsi i ka p\u00ebrdorur fondet p\u00ebr q\u00ebllimin fillestar n\u00eb p\u00ebrputhje me kontrat\u00ebn e grantit.<\/li><li>T\u00eb p\u00ebrshkruaj\u00eb zhvillimin dhe zbatimin e projektit si dhe impaktin q\u00eb ai jep<em>.<\/em><\/li><li>T\u00eb p\u00ebrshkruaj\u00eb progresin e b\u00ebr\u00eb n\u00eb drejtim t\u00eb objektivave jo fitimprur\u00ebse.<\/li><li>T\u00eb p\u00ebrfshij\u00eb dokumentacion mb\u00ebshtet\u00ebs (si foto, regjistrime t\u00eb ndryshme t\u00eb aktiviteteve, etj).<\/li><li>T\u00eb n\u00ebnshkruhet nga nj\u00eb person n\u00eb pozicion drejtues t\u00eb subjektit grantmarr\u00ebs.<\/li><\/ul><\/div><p><strong><br \/>Raporti financiar<\/strong>\u00a0<em><a href=\"https:\/\/abcfoundation.info\/wp-content\/uploads\/2026\/03\/Raporti-Financiar.docx\">(kliko per modelin e\u00a0raportit financiar)<br \/><\/a><\/em>Raporti financiar i p\u00ebrgatitur nga grantmarr\u00ebsi duhet:<\/p><div><ul><li>T\u00eb p\u00ebrshkruaj\u00eb shpenzimet n\u00eb p\u00ebrputhje me buxhetin origjinal duke reflektuar shpenzimet e k\u00ebrkuara dhe ato t\u00eb kryera<\/li><li>T\u00eb p\u00ebrshkruaj\u00eb \u00e7do pajisje t\u00eb bler\u00eb.<\/li><li>T\u00eb evidentoj\u00eb \u00e7do fond t\u00eb pashpenzuar (t\u00eb cilat duhet t\u00eb kthehen ose p\u00ebr t\u00eb cilat k\u00ebrkohet shtyrje e afatit t\u00eb p\u00ebrdorimit).<\/li><li>T\u00eb n\u00ebnshkruhet nga nj\u00eb person n\u00eb pozicion drejtues.<\/li><\/ul><\/div><p><strong><br \/>MONITORIMI<em>\u00a0<\/em>i procesit<br \/><\/strong>Grantdh\u00ebn\u00ebsi, Fondacioni ABC do t\u00eb monitorojn\u00eb grantet e dh\u00ebna gjat\u00eb procesit t\u00eb realizimit t\u00eb projektit n\u00eb m\u00ebnyr\u00eb q\u00eb t\u00eb vler\u00ebsoj\u00eb aft\u00ebsin\u00eb e grantmarr\u00ebsit p\u00ebr t\u00eb arritur q\u00ebllimin e grantit, efektivitetin e p\u00ebrgjithsh\u00ebm t\u00eb projektit dhe t\u00eb sigurohet p\u00ebr p\u00ebrdorimin e duhur t\u00eb fondeve t\u00eb Fondacionit.<br \/>N\u00ebp\u00ebrmjet vizitave n\u00eb vendin e zhvillimit t\u00eb projektit, komunikimit t\u00eb vazhduesh\u00ebm n\u00ebp\u00ebrmjet takimeve, telefonit, e-mail-eve, raporteve t\u00eb grantmarr\u00ebsve, monitorohet aft\u00ebsia e grantmarr\u00ebsit p\u00ebr t\u00eb arritur objektivin e propozimit t\u00eb projektit.<\/p><p><strong>MBYLLJA e Granteve<br \/><\/strong>Granti mund t\u00eb mbyllet pasi grantmarr\u00ebsi t\u00eb ket\u00eb dor\u00ebzuar raportet financiare dhe narrative p\u00ebrfundimtare, t\u00eb cilat plotesojn\u00eb kriteret p\u00ebrkat\u00ebse t\u00eb raportimit dhe zbatimit t\u00eb projektit. Mund t\u00eb paraqiten disa raste t\u00eb mbylljes s\u00eb Granteve;<\/p><div><ol><li>Mbyllja kur Grantmarr\u00ebsi e ka arritur objektivin;\u00a0<em><br \/><\/em><\/li><li>Mbyllja kur Grantmarr\u00ebsi nuk e ka arritur objektivin ose nuk i ka shpenzuar t\u00eb gjith\u00eb fondet;<em><br \/><\/em><\/li><li>Mbyllja kur Grantmarr\u00ebsi nuk ka zbatuar kushtet e kontrat\u00ebs s\u00eb grantit \u2013 futja n\u00eb black list.<em><br \/><\/em><\/li><\/ol><\/div><p><strong>1. Mbyllja kur Grantmarr\u00ebsi e ka arritur objektivin<br \/><\/strong>N\u00ebse grantmarr\u00ebsi e ka arritur objektivin dhe\u00a0<strong>raportet e tij jan\u00eb t\u00eb k\u00ebnaqshme<\/strong>, ABC dokumenton marrjen e tyre dhe p\u00ebrgatit \u201craportin e vler\u00ebsimit\u201d t\u00eb tij. Granti do t\u00eb mbyllet pasi ABC ka marr\u00eb raportin financiar dhe at\u00eb narrativ dhe \u00ebsht\u00eb vler\u00ebsuar se i gjith\u00eb granti \u00ebsht\u00eb zbatuar n\u00eb rregull.<\/p><div><p><strong>2. Mbyllja kur Grantmarr\u00ebsi nuk e ka arritur objektivin ose nuk i ka shpenzuar t\u00eb gjitha fondet<\/strong>\u00a0<br \/>N\u00ebse grantmarr\u00ebsi nuk ka qen\u00eb n\u00eb gjendje t\u00eb arrij\u00eb objektivin apo t\u00eb shpenzoj\u00eb t\u00eb gjith\u00eb fondin e dh\u00ebn\u00eb, ABC dokumenton marrjen e raportit dhe kontakton grantmarr\u00ebsin p\u00ebr sqarime t\u00eb m\u00ebtejshme. N\u00ebse \u00ebsht\u00eb e p\u00ebrshtatshme, ABC duhet t\u00eb punoj\u00eb me grantmarr\u00ebsin p\u00ebr t\u00eb p\u00ebrcaktuar terma t\u00eb rinj granti apo k\u00ebrkesa t\u00eb reja raportimi, ose t\u00eb organizoj\u00eb kthimin e fondeve t\u00eb pashpenzuara.\u00a0<strong>\u00a0<\/strong><\/p><\/div><div><strong>3. Mbyllja kur Grantmarr\u00ebsi nuk ka zbatuar kushtet e kontrat\u00ebs s\u00eb grantit \u2013 futja n\u00eb \u201cblack list\u201d<br \/><\/strong><\/div><div>Granti do t\u00eb nd\u00ebrpritet dhe subjekti\u00a0<strong>do t\u00eb p\u00ebrfshihet n\u00eb \u201clist\u00ebn e zez\u00eb\u201d<\/strong>\u00a0n\u00ebse grantmarr\u00ebsi ka shkelur k\u00ebto kushte t\u00eb kontrat\u00ebs:<\/div><ul><li><div>Ka p\u00ebrdorur grantin pjes\u00ebrisht ose plot\u00ebsisht p\u00ebr propagande elektorale dhe\/ose politike;<\/div><\/li><li><div>Ka p\u00ebrdorur grantin pjes\u00ebrisht ose plot\u00ebsisht p\u00ebr veprimtari t\u00eb paligjshme t\u00eb parashikuara nga legjislacioni shqiptar;<\/div><\/li><li><div>Ka p\u00ebrdorur grantin p\u00ebr q\u00ebllime t\u00eb paparashikuara n\u00eb kontrat\u00eb;<\/div><\/li><li><div>Nuk ka raportuar p\u00ebr nj\u00eb pjes\u00eb ose p\u00ebr t\u00eb gjith\u00eb grantin e marr\u00eb.<\/div><\/li><\/ul>\t\t\t\t\t\t\t\t<\/div>\n\t\t\t\t<\/div>\n\t\t\t\t\t<\/div>\n\t\t\t\t<\/div>\n\t\t\t\t<\/div>\n\t\t","protected":false},"excerpt":{"rendered":"<p>Application, selection, monitoring and reporting procedures for obtaining grants from the ABC Foundation.<\/p>","protected":false},"author":1,"featured_media":0,"parent":0,"menu_order":0,"comment_status":"closed","ping_status":"closed","template":"","meta":{"footnotes":""},"class_list":["post-52","page","type-page","status-publish","hentry"],"_hostinger_reach_plugin_has_subscription_block":false,"_hostinger_reach_plugin_is_elementor":false,"_links":{"self":[{"href":"https:\/\/abcfoundation.info\/en\/wp-json\/wp\/v2\/pages\/52","targetHints":{"allow":["GET"]}}],"collection":[{"href":"https:\/\/abcfoundation.info\/en\/wp-json\/wp\/v2\/pages"}],"about":[{"href":"https:\/\/abcfoundation.info\/en\/wp-json\/wp\/v2\/types\/page"}],"author":[{"embeddable":true,"href":"https:\/\/abcfoundation.info\/en\/wp-json\/wp\/v2\/users\/1"}],"replies":[{"embeddable":true,"href":"https:\/\/abcfoundation.info\/en\/wp-json\/wp\/v2\/comments?post=52"}],"version-history":[{"count":35,"href":"https:\/\/abcfoundation.info\/en\/wp-json\/wp\/v2\/pages\/52\/revisions"}],"predecessor-version":[{"id":989659,"href":"https:\/\/abcfoundation.info\/en\/wp-json\/wp\/v2\/pages\/52\/revisions\/989659"}],"wp:attachment":[{"href":"https:\/\/abcfoundation.info\/en\/wp-json\/wp\/v2\/media?parent=52"}],"curies":[{"name":"wp","href":"https:\/\/api.w.org\/{rel}","templated":true}]}}