{"id":3488,"date":"2025-02-26T10:45:28","date_gmt":"2025-02-26T10:45:28","guid":{"rendered":"https:\/\/finovate.vamtam.com\/?page_id=3488"},"modified":"2026-03-09T17:45:02","modified_gmt":"2026-03-09T17:45:02","slug":"apliko-tani-2","status":"publish","type":"page","link":"https:\/\/abcfoundation.info\/en\/apliko-tani-2\/","title":{"rendered":"Apply Now"},"content":{"rendered":"\t\t<div data-elementor-type=\"wp-page\" data-elementor-id=\"3488\" class=\"elementor elementor-3488\" data-elementor-post-type=\"page\">\n\t\t\t\t<div class=\"elementor-element elementor-element-fe1c2a3 e-flex e-con-boxed e-con e-parent\" data-id=\"fe1c2a3\" data-element_type=\"container\" data-e-type=\"container\">\n\t\t\t\t\t<div class=\"e-con-inner\">\n\t\t<div class=\"elementor-element elementor-element-ea5d806 e-con-full e-flex e-con e-child\" data-id=\"ea5d806\" data-element_type=\"container\" data-e-type=\"container\">\n\t\t<div class=\"elementor-element elementor-element-15fb7d8 e-con-full e-flex e-con e-child\" data-id=\"15fb7d8\" data-element_type=\"container\" data-e-type=\"container\">\n\t\t<div class=\"elementor-element elementor-element-6b3edc2 e-con-full e-flex e-con e-child\" data-id=\"6b3edc2\" data-element_type=\"container\" data-e-type=\"container\" data-settings=\"{&quot;background_background&quot;:&quot;classic&quot;}\">\n\t\t<div class=\"elementor-element elementor-element-375ae36 e-con-full e-flex e-con e-child\" data-id=\"375ae36\" data-element_type=\"container\" data-e-type=\"container\">\n\t\t\t\t<div class=\"elementor-element elementor-element-ce0b281 elementor-invisible elementor-widget__width-auto animated-fast elementor-widget elementor-widget-heading\" data-id=\"ce0b281\" data-element_type=\"widget\" data-e-type=\"widget\" data-settings=\"{&quot;_animation&quot;:&quot;fadeIn&quot;,&quot;_animation_delay&quot;:50}\" data-widget_type=\"heading.default\">\n\t\t\t\t<div class=\"elementor-widget-container\">\n\t\t\t\t\t<div class=\"elementor-heading-title elementor-size-default\">Procedurat e Aplikimit<\/div>\t\t\t\t<\/div>\n\t\t\t\t<\/div>\n\t\t<div class=\"elementor-element elementor-element-0309cae e-con-full e-flex e-con e-child\" data-id=\"0309cae\" data-element_type=\"container\" data-e-type=\"container\">\n\t\t<div class=\"elementor-element elementor-element-003da05 e-con-full e-flex e-con e-child\" data-id=\"003da05\" data-element_type=\"container\" data-e-type=\"container\">\n\t\t\t\t<div class=\"elementor-element elementor-element-062e79e elementor-invisible animated-fast elementor-widget elementor-widget-heading\" data-id=\"062e79e\" data-element_type=\"widget\" data-e-type=\"widget\" data-settings=\"{&quot;_animation&quot;:&quot;fadeIn&quot;,&quot;_animation_delay&quot;:0}\" data-widget_type=\"heading.default\">\n\t\t\t\t<div class=\"elementor-widget-container\">\n\t\t\t\t\t<h2 class=\"elementor-heading-title elementor-size-default\">Procesi i Aplikimit <\/h2>\t\t\t\t<\/div>\n\t\t\t\t<\/div>\n\t\t\t\t<div class=\"vamtam-has-theme-widget-styles elementor-element elementor-element-acfbbaa elementor-invisible animated-fast elementor-widget elementor-widget-button\" data-id=\"acfbbaa\" data-element_type=\"widget\" data-e-type=\"widget\" data-settings=\"{&quot;_animation&quot;:&quot;slideInUp&quot;,&quot;_animation_delay&quot;:100}\" data-widget_type=\"button.default\">\n\t\t\t\t<div class=\"elementor-widget-container\">\n\t\t\t\t\t\t\t\t\t<div class=\"elementor-button-wrapper\">\n\t\t\t\t\t<a class=\"elementor-button elementor-button-link elementor-size-sm\" href=\"mailto:info@abcfoundation.info\">\n\t\t\t\t\t\t<span class=\"elementor-button-content-wrapper\">\n\t\t\t\t\t\t\t\t\t<span class=\"elementor-button-text\">Apliko Tani<\/span>\n\t\t\t\t\t<\/span>\n\t\t\t\t\t<\/a>\n\t\t\t\t<\/div>\n\t\t\t\t\t\t\t\t<\/div>\n\t\t\t\t<\/div>\n\t\t\t\t<\/div>\n\t\t<div class=\"elementor-element elementor-element-8d1e77c e-con-full e-flex e-con e-child\" data-id=\"8d1e77c\" data-element_type=\"container\" data-e-type=\"container\">\n\t\t\t\t<div class=\"vamtam-has-theme-widget-styles elementor-element elementor-element-ab0a5c8 elementor-widget-tablet__width-inherit elementor-widget elementor-widget-text-editor\" data-id=\"ab0a5c8\" data-element_type=\"widget\" data-e-type=\"widget\" data-widget_type=\"text-editor.default\">\n\t\t\t\t<div class=\"elementor-widget-container\">\n\t\t\t\t\t\t\t\t\t<div class=\"flex flex-col text-sm\"><article class=\"text-token-text-primary w-full focus:outline-none [--shadow-height:45px] has-data-writing-block:pointer-events-none has-data-writing-block:-mt-(--shadow-height) has-data-writing-block:pt-(--shadow-height) [&amp;:has([data-writing-block])&gt;*]:pointer-events-auto scroll-mt-[calc(var(--header-height)+min(200px,max(70px,20svh)))]\" dir=\"auto\" tabindex=\"-1\" data-turn-id=\"request-WEB:ea388a7c-2440-4f95-90a3-ac90f0f81373-4\" data-testid=\"conversation-turn-10\" data-scroll-anchor=\"true\" data-turn=\"assistant\"><div class=\"text-base my-auto mx-auto pb-10 [--thread-content-margin:--spacing(4)] @w-sm\/main:[--thread-content-margin:--spacing(6)] @w-lg\/main:[--thread-content-margin:--spacing(16)] px-(--thread-content-margin)\"><div class=\"[--thread-content-max-width:40rem] @w-lg\/main:[--thread-content-max-width:48rem] mx-auto max-w-(--thread-content-max-width) flex-1 group\/turn-messages focus-visible:outline-hidden relative flex w-full min-w-0 flex-col agent-turn\" tabindex=\"-1\"><div class=\"flex max-w-full flex-col grow\"><div class=\"min-h-8 text-message relative flex w-full flex-col items-end gap-2 text-start break-words whitespace-normal [.text-message+&amp;]:mt-1\" dir=\"auto\" data-message-author-role=\"assistant\" data-message-id=\"9cbe7917-2c89-4143-bf3a-7ce10f0e3b3e\" data-message-model-slug=\"gpt-5-2\"><div class=\"flex w-full flex-col gap-1 empty:hidden first:pt-[1px]\"><div class=\"markdown prose dark:prose-invert w-full wrap-break-word dark markdown-new-styling\"><p data-start=\"0\" data-end=\"417\" data-is-last-node=\"\" data-is-only-node=\"\">Procesi i aplikimit ne Fondacionin ABC zhvillohet permes nje thirrjeje te hapur, ku aplikantet paraqesin projekt-propozimet sipas prioriteteve te shpallura. <br \/><br \/>Projektet shqyrtohen nga nje Komision i Pavarur Seleksionimi mbi bazen e perputhjes me objektivat e programit, kapacitetit zbatues dhe buxhetit realist. Pas perfundimit te vleresimit, aplikantet njoftohen per rezultatin sipas afateve te percaktuara ne thirrje.<\/p><\/div><\/div><\/div><\/div><\/div><\/div><\/article><\/div>\t\t\t\t\t\t\t\t<\/div>\n\t\t\t\t<\/div>\n\t\t\t\t<\/div>\n\t\t\t\t<\/div>\n\t\t\t\t<\/div>\n\t\t\t\t<\/div>\n\t\t\t\t<\/div>\n\t\t\t\t<div class=\"vamtam-has-theme-widget-styles elementor-element elementor-element-8a8d8c6 elementor-widget elementor-widget-text-editor\" data-id=\"8a8d8c6\" data-element_type=\"widget\" data-e-type=\"widget\" data-widget_type=\"text-editor.default\">\n\t\t\t\t<div class=\"elementor-widget-container\">\n\t\t\t\t\t\t\t\t\t<div id=\"container\">\n<div id=\"main\">\n<div class=\"inside\">\n<div class=\"row\">\n<div id=\"aplikimet\" class=\"mod_article first last block\">\n<div class=\"ce_text first last block\">\n<p><strong>FUSHAT E APLIKIMIT T\u00cb SHPALLURA &#8211; MARS 2025<\/strong><\/p>\n<ol>\n<li>\n<p><a href=\"https:\/\/www.abcfoundation.info\/te-reja-detail\/id-1thirrje-per-projekt-propozim-zhvillimi-i-sipermarrjes-rinore-nepermjet-trajnimeve-dhe-praktikave-profesionale-per-ngritjen-e.html\"><strong>Zhvillimin e sip\u00ebrmarrjes rinore n\u00ebp\u00ebrmjet trajnimeve dhe praktikave profesionale p\u00ebr ngritjen e nj\u00eb biznesi \u201cstart-up\u201d, apo fuqizim t\u00eb atyre t\u00eb sapo ngritur<\/strong><\/a><\/p>\n<\/li>\n<li>\n<p><a href=\"https:\/\/www.abcfoundation.info\/te-reja-detail\/id-2thirrje-per-projekt-propozim-mbeshtetje-financiare-per-sipermarrjen-femerore-orientuar-ne-biznesin-social-per-permiresimin-e.html\"><strong>Mb\u00ebshtetjen financiare p\u00ebr Sip\u00ebrmarrjen fem\u00ebrore, orientuar n\u00eb Biznesin Social, p\u00ebr p\u00ebrmir\u00ebsimin e statusit social-ekonomik t\u00eb tyre<\/strong><\/a><\/p>\n<\/li>\n<li>\n<p><a href=\"https:\/\/www.abcfoundation.info\/te-reja-detail\/id-3-thirrje-per-projekt-propozim-permiresim-te-statusit-social-dhe-ekonomik-te-femijeve-ne-nevoje-bazuar-ne-kerkesat-e-njesive-.html\"><strong>P\u00ebrmir\u00ebsimin e statusit social dhe ekonomik t\u00eb f\u00ebmij\u00ebve n\u00eb nevoj\u00eb, bazuar n\u00eb k\u00ebrkesat e nj\u00ebsive vendore<\/strong><\/a><\/p>\n<\/li>\n<\/ol>\n<p><strong><a href=\"https:\/\/www.abcfoundation.info\/te-reja-detail\/id-3-thirrje-per-projekt-propozim-permiresim-te-statusit-social-dhe-ekonomik-te-femijeve-ne-nevoje-bazuar-ne-kerkesat-e-njesive-.html\"><br \/><\/a>DOKUMENTACIONI DHE PROPOZIMI<\/strong><\/p>\n<p>P\u00ebr t\u00eb hartuar propozimin, aplikanti do t\u00eb p\u00ebrdor\u00eb Formularin model t\u00eb aplikimit, i cili mund t\u00eb t\u00ebrhiqet pran\u00eb zyr\u00ebs s\u00eb informacionit t\u00eb ABC ose n\u00ebp\u00ebrmjet faqes elektronike t\u00eb Fondacionit<em>\u00a0<a href=\"https:\/\/abcfoundation.info\/wp-content\/uploads\/2026\/03\/Formular_Aplikimi_Granteve_ABC_-1.doc\">(kliko per formularin e aplikimit).<\/a><\/em><\/p>\n<p>Aplikimi p\u00ebr Grant, duhet t\u00eb p\u00ebrfshij\u00eb t\u00eb gjith\u00eb informacionin e nevojsh\u00ebm mbi projektin dhe aplikuesin, q\u00eb Komisioni Seleksionues t\u00eb nd\u00ebrmarr\u00eb nj\u00eb shqyrtim t\u00eb plot\u00eb n\u00eb ndihm\u00eb t\u00eb vendimmarrjes p\u00ebr mb\u00ebshtetjen ose jo t\u00eb propozimit t\u00eb aplikantit.<\/p>\n<p>Propozimi i aplikantit, sipas formularit t\u00eb aplikimit, duhet t\u00eb p\u00ebrfshij\u00eb:<\/p>\n<div>\n<ul>\n<li>P\u00ebrshkrim t\u00eb projektit t\u00eb propozuar<\/li>\n<li>Situat\u00ebn aktuale ndaj \u00e7\u00ebshtjes s\u00eb propozuar dhe motivimin e aplikantit<\/li>\n<li>P\u00ebrshkrim t\u00eb q\u00ebllimit dhe objektivave specifike, m\u00ebnyr\u00ebn p\u00ebr t&#8217;i arritur ato<\/li>\n<li>P\u00ebrshkrim t\u00eb planit t\u00eb aktiviteteve specifike, kalendarin e realizimit t\u00eb tyre<\/li>\n<li>P\u00ebrshkrim t\u00eb rezultateve t\u00eb pritshme dhe m\u00ebnyren e matjes s\u00eb tyre<\/li>\n<li>Zon\u00ebn e zbatimit t\u00eb projektit<\/li>\n<li>P\u00ebrfituesit, partner\u00ebt dhe koordinimin<\/li>\n<li>Monitorimin dhe vler\u00ebsimin e projektit<\/li>\n<li>Buxhetin e k\u00ebrkuar, donator\u00eb potencial\u00eb t\u00eb tjer\u00eb n\u00eb projekt<\/li>\n<li>Projekte ose iniciativa t\u00eb m\u00ebparshme t\u00eb realizuara; CV\/Profil t\u00eb organizat\u00ebs\/subjektit, eksperienca me donator\u00eb t\u00eb tjer\u00eb<\/li>\n<li>M\u00ebnyr\u00ebn e qeverisjes s\u00eb organizat\u00ebs\/subjektit, strukturat drejtuese<\/li>\n<\/ul>\n<\/div>\n<p>\u00a0<\/p>\n<p><strong>Aplikimi duhet t\u00eb shoq\u00ebrohet me disa dokumente<\/strong><\/p>\n<p><strong>LISTA E DOKUMENTEVE SHOQ\u00cbRUESE:<\/strong><\/p>\n<ul>\n<li><strong>Formulari i Aplikimit<\/strong>\u00a0i plot\u00ebsuar (t\u00eb d\u00ebrguar me e-mail, n\u00eb format\u00a0<em>word<\/em>);<\/li>\n<li>Curriculum Vitae\u00a0(<strong>CV<\/strong>)<strong>\u00a0t\u00eb personave kryesor\u00eb<\/strong>\u00a0t\u00eb p\u00ebrfshir\u00eb n\u00eb projektin e synuar;<\/li>\n<li><strong>Bordi i drejtor\u00ebve\/vler\u00ebsuesve\/komisionet k\u00ebshillimore<\/strong>: Lista e plot\u00eb e an\u00ebtar\u00ebve t\u00eb bordit;<\/li>\n<li><strong>Fotokopje e\u00a0<\/strong>dokumentit t\u00eb regjistrimit t\u00eb organizat\u00ebs (<strong>Akt-Themelimi<\/strong>),\u00a0<strong>Statutit<\/strong>\u00a0t\u00eb organizat\u00ebs dhe\u00a0<strong>Vendimin e Gjykat\u00ebs<\/strong>\u00a0p\u00ebr regjistrimin e OJF-s\u00eb;<\/li>\n<li><strong>Fotokopje e akteve ligjore<\/strong>\u00a0t\u00eb organizat\u00ebs\/subjektit:<\/li>\n<\/ul>\n<p><em>P\u00ebr shoq\u00ebrit\u00eb dhe Organizatat Jofitimprur\u00ebse<\/em><\/p>\n<p>&#8211;\u00a0<strong>Ekstrakt historik (Biznes)<\/strong>, t\u00eb l\u00ebshuar nga Qendra Komb\u00ebtare e Biznesit, sa m\u00eb af\u00ebr dat\u00ebs s\u00eb dor\u00ebzimit t\u00eb dokumentacionit (p\u00ebr shoq\u00ebrit\u00eb tregtare);<\/p>\n<p>&#8211;\u00a0<strong>V\u00ebrtetim nga regjistri i organizatave jofitimprur\u00ebse<\/strong>\u00a0pran\u00eb Gjykat\u00ebs s\u00eb Rrethit Gjyq\u00ebsor Tiran\u00eb (jo m\u00eb von\u00eb se 2 muaj);<\/p>\n<p>&#8211;\u00a0<strong>\u00c7ertifikat\u00eb e regjistrimit<\/strong>\u00a0me t\u00eb dh\u00ebnat e<strong>\u00a0NIPT\/NUIS<\/strong>\u00a0t\u00eb l\u00ebshuar nga Organet tatimore\/Qendra Komb\u00ebtare e Biznesit;<\/p>\n<p>&#8211;\u00a0<strong>Dokumenti i Identifikimit (ID)<\/strong>\u00a0t\u00eb administratorit t\u00eb shoq\u00ebris\u00eb;<\/p>\n<p>&#8211;\u00a0<strong>Ekstrakt<\/strong>\u00a0p\u00ebr t\u00eb dh\u00ebnat e regjistruara n\u00eb\u00a0<strong>Regjistrin e Pronar\u00ebve P\u00ebrfitues<\/strong>;<\/p>\n<p>&#8211;\u00a0<strong>V\u00ebrtetim nga gjykata<\/strong>\u00a0p\u00ebr subjektin dhe administratorin;<\/p>\n<p>&#8211;\u00a0<strong>V\u00ebrtetim nga prokuroria<\/strong>\u00a0p\u00ebr subjektin dhe administratorin;<\/p>\n<p>&#8211;\u00a0<strong>D\u00ebshmi Penaliteti<\/strong>\u00a0l\u00ebshuar nga Drejtoria e P\u00ebrgjithshme e Burgjeve p\u00ebr subjektin dhe administratorin;<\/p>\n<p>&#8211;\u00a0<strong>V\u00ebrtetim i detyrimeve p\u00ebrmbarimore<\/strong>\u00a0p\u00ebr subjektin dhe administratorin;<\/p>\n<p>&#8211;\u00a0<strong>V\u00ebrtetim statusi<\/strong>\u00a0p\u00ebr organizatat jofitimprur\u00ebse t\u00eb l\u00ebshuar nga Drejtoria e P\u00ebrgjithshme e Tatimeve;<\/p>\n<p>&#8211;\u00a0<strong>V\u00ebrtetim p\u00ebr pagim detyrimesh<\/strong>\u00a0t\u00eb l\u00ebshuar nga Drejtoria e P\u00ebrgjithshme e Tatimeve.<\/p>\n<ul>\n<li>Konfirmim i<strong>\u00a0llogaris\u00eb bankare<\/strong>\u00a0t\u00eb organizat\u00ebs;<\/li>\n<li>Konfirmimi p\u00ebr<strong>\u00a0bashk\u00ebfinancim projekti<\/strong>\u00a0nga bashk\u00ebdonatori (n\u00ebse ka);<\/li>\n<li><strong>Buxheti vjetor<\/strong>\u00a0i organizat\u00ebs,\u00a0<strong>Pasqyrat Financiare<\/strong>\u00a0m\u00eb t\u00eb fundit, n\u00ebse jan\u00eb t\u00eb disponueshme edhe\u00a0<strong>Pasqyrat Financiare<\/strong>\u00a0<strong>t\u00eb \u00e7ertifikuara<\/strong>\u00a0nga kompania audituese;<\/li>\n<li>Minimumi\u00a0<strong>dy letra reference<\/strong>\u00a0p\u00ebr subjektin\/organizat\u00ebn dhe projektin e paraqitur (mund t\u00eb merren nga NGO partner\u00eb dhe donator\u00eb t\u00eb m\u00ebparsh\u00ebm, por jo nga an\u00ebtar\u00eb t\u00eb stafit ose komisioneve seleksionuese t\u00eb Fondacionit ABC dhe organizat\u00ebs aplikuese, jo m\u00eb t\u00eb hershme sesa dy vite kalendarike);<\/li>\n<li><strong>Dokumentacion mb\u00ebshtet\u00ebs:<\/strong>\u00a0\u00c7do informacion tjet\u00ebr si\u00a0<strong>flet\u00ebpalosje<\/strong>\u00a0informative ose\u00a0<strong>raportet<\/strong>\u00a0t\u00eb cilat\u00a0ndihmojn\u00eb stafin e programit t\u00eb marrin m\u00eb shum\u00eb informacion mbi aplikantin.<\/li>\n<\/ul>\n<\/div>\n<\/div>\n<\/div>\n<\/div>\n<\/div>\n<\/div>\n<footer id=\"footer\"><\/footer>\t\t\t\t\t\t\t\t<\/div>\n\t\t\t\t<\/div>\n\t\t\t\t<\/div>\n\t\t\t\t\t<\/div>\n\t\t\t\t<\/div>\n\t\t\t\t<\/div>\n\t\t","protected":false},"excerpt":{"rendered":"<p>The grant application requires the submission of a detailed proposal using the model form, which includes the project description, objectives, activity plan, expected results, area of implementation, beneficiaries, partners and the requested budget.<\/p>","protected":false},"author":1,"featured_media":0,"parent":0,"menu_order":0,"comment_status":"closed","ping_status":"closed","template":"","meta":{"footnotes":""},"class_list":["post-3488","page","type-page","status-publish","hentry"],"_hostinger_reach_plugin_has_subscription_block":false,"_hostinger_reach_plugin_is_elementor":false,"_links":{"self":[{"href":"https:\/\/abcfoundation.info\/en\/wp-json\/wp\/v2\/pages\/3488","targetHints":{"allow":["GET"]}}],"collection":[{"href":"https:\/\/abcfoundation.info\/en\/wp-json\/wp\/v2\/pages"}],"about":[{"href":"https:\/\/abcfoundation.info\/en\/wp-json\/wp\/v2\/types\/page"}],"author":[{"embeddable":true,"href":"https:\/\/abcfoundation.info\/en\/wp-json\/wp\/v2\/users\/1"}],"replies":[{"embeddable":true,"href":"https:\/\/abcfoundation.info\/en\/wp-json\/wp\/v2\/comments?post=3488"}],"version-history":[{"count":18,"href":"https:\/\/abcfoundation.info\/en\/wp-json\/wp\/v2\/pages\/3488\/revisions"}],"predecessor-version":[{"id":990212,"href":"https:\/\/abcfoundation.info\/en\/wp-json\/wp\/v2\/pages\/3488\/revisions\/990212"}],"wp:attachment":[{"href":"https:\/\/abcfoundation.info\/en\/wp-json\/wp\/v2\/media?parent=3488"}],"curies":[{"name":"wp","href":"https:\/\/api.w.org\/{rel}","templated":true}]}}